{"id":10462,"date":"2025-11-01T03:12:51","date_gmt":"2025-11-01T07:12:51","guid":{"rendered":"https:\/\/www.teampostop.net\/compensacion-para-trabajadores\/"},"modified":"2025-12-12T10:29:21","modified_gmt":"2025-12-12T15:29:21","slug":"compensacion-para-trabajadores","status":"publish","type":"page","link":"https:\/\/www.teampostop.net\/es\/compensacion-para-trabajadores\/","title":{"rendered":"Compensaci\u00f3n al Trabajador"},"content":{"rendered":"<p>[et_pb_section fb_built=\u00bb1&#8243; custom_padding_last_edited=\u00bbon|phone\u00bb _builder_version=\u00bb4.27.4&#8243; _module_preset=\u00bbdefault\u00bb custom_margin=\u00bb||||false|false\u00bb custom_padding=\u00bb70px||0px||false|false\u00bb custom_padding_tablet=\u00bb70px||50px||false|false\u00bb custom_padding_phone=\u00bb50px||35px||false|false\u00bb global_colors_info=\u00bb{}\u00bb][et_pb_row _builder_version=\u00bb4.27.4&#8243; _module_preset=\u00bbdefault\u00bb max_width=\u00bb1200px\u00bb custom_padding=\u00bb0px||0px||false|false\u00bb global_colors_info=\u00bb{}\u00bb][et_pb_column type=\u00bb4_4&#8243; _builder_version=\u00bb4.27.4&#8243; _module_preset=\u00bbdefault\u00bb global_colors_info=\u00bb{}\u00bb][et_pb_heading title=\u00bbCompensaci\u00f3n al Trabajador \u00bb _builder_version=\u00bb4.27.4&#8243; _module_preset=\u00bbdefault\u00bb title_font=\u00bb|||on|||||\u00bb title_text_align=\u00bbcenter\u00bb title_line_height_tablet=\u00bb\u00bb title_line_height_phone=\u00bb\u00bb title_line_height_last_edited=\u00bbon|phone\u00bb global_colors_info=\u00bb{}\u00bb][\/et_pb_heading][\/et_pb_column][\/et_pb_row][\/et_pb_section][et_pb_section fb_built=\u00bb1&#8243; _builder_version=\u00bb4.27.4&#8243; _module_preset=\u00bbdefault\u00bb custom_padding=\u00bb11px|24px|22px|24px|false|true\u00bb global_colors_info=\u00bb{}\u00bb][et_pb_row _builder_version=\u00bb4.27.4&#8243; _module_preset=\u00bbdefault\u00bb custom_padding=\u00bb0px||20px|||\u00bb hover_enabled=\u00bb0&#8243; global_colors_info=\u00bb{}\u00bb sticky_enabled=\u00bb0&#8243;][et_pb_column type=\u00bb4_4&#8243; _builder_version=\u00bb4.27.4&#8243; _module_preset=\u00bbdefault\u00bb global_colors_info=\u00bb{}\u00bb][et_pb_text _builder_version=\u00bb4.27.5&#8243; _module_preset=\u00bbdefault\u00bb global_colors_info=\u00bb{}\u00bb sticky_enabled=\u00bb0&#8243; hover_enabled=\u00bb0&#8243;]<\/p>\n<p style=\"font-weight: 400;\">Tenga en cuenta que las aseguradoras mencionadas no representan la gama completa de compa\u00f1\u00edas con las que trabajamos. Tambi\u00e9n aceptamos nuevas aseguradoras y administradores de terceros (TPAs). <\/p>\n<p>[\/et_pb_text][\/et_pb_column][\/et_pb_row][\/et_pb_section][et_pb_section fb_built=\u00bb1&#8243; custom_padding_last_edited=\u00bbon|desktop\u00bb _builder_version=\u00bb4.27.4&#8243; _module_preset=\u00bbdefault\u00bb custom_margin_tablet=\u00bb\u00bb custom_margin_phone=\u00bb\u00bb custom_margin_last_edited=\u00bbon|phone\u00bb custom_padding=\u00bb3px|150px||150px|false|true\u00bb custom_padding_tablet=\u00bb3px|150px||150px|false|true\u00bb custom_padding_phone=\u00bb|20px||20px|false|true\u00bb global_colors_info=\u00bb{}\u00bb][et_pb_row column_structure=\u00bb1_3,1_3,1_3&#8243; _builder_version=\u00bb4.27.4&#8243; _module_preset=\u00bbdefault\u00bb custom_padding=\u00bb7px|||||\u00bb global_colors_info=\u00bb{}\u00bb][et_pb_column type=\u00bb1_3&#8243; _builder_version=\u00bb4.27.4&#8243; _module_preset=\u00bbdefault\u00bb global_colors_info=\u00bb{}\u00bb][et_pb_text _builder_version=\u00bb4.27.4&#8243; _module_preset=\u00bbdefault\u00bb hover_enabled=\u00bb0&#8243; global_colors_info=\u00bb{}\u00bb sticky_enabled=\u00bb0&#8243;]<\/p>\n<p style=\"text-align: center;\">AIG<br \/>Allied Claims<br \/>Amerisure<br \/>Amerisys<br \/>Amtrust<br \/>Apricus<br \/>Ascendant<br \/>Benchmark Administrators<br \/>Berkshire Hathaway<br \/>Brentwood<br \/>Broadspire<br \/>Careworks<br \/>Carlisle Medical<br \/>CBCS<br \/>CCMSI<br \/>CHUBB<br \/>Clarity DX<br \/>Clear Price<br \/>CNA<br \/>COMPTRUST<br \/>Conservcare<\/p>\n<p>[\/et_pb_text][\/et_pb_column][et_pb_column type=\u00bb1_3&#8243; _builder_version=\u00bb4.27.4&#8243; _module_preset=\u00bbdefault\u00bb global_colors_info=\u00bb{}\u00bb][et_pb_text _builder_version=\u00bb4.27.4&#8243; _module_preset=\u00bbdefault\u00bb global_colors_info=\u00bb{}\u00bb]<\/p>\n<p style=\"text-align: center;\">Corvel<br \/>Coventry<br \/>Creative Comp Solutions<br \/>Dept of Labor<br \/>DME Plus<br \/>DOAS<br \/>ESIS<br \/>FCCI<br \/>FFVA<br \/>FL Leagues<br \/>Florida School Board Insurance Trust<br \/>Gallagher Bassett<br \/>Hartford<br \/>Healthbridge<br \/>Homelink<br \/>ICW<br \/>John Eastern<br \/>Levius Medical<br \/>Liberty Mutual<br \/>M Joseph<br \/>Meidcal Service Quotes<\/p>\n<p>[\/et_pb_text][\/et_pb_column][et_pb_column type=\u00bb1_3&#8243; _builder_version=\u00bb4.27.4&#8243; _module_preset=\u00bbdefault\u00bb global_colors_info=\u00bb{}\u00bb][et_pb_text _builder_version=\u00bb4.27.4&#8243; _module_preset=\u00bbdefault\u00bb global_colors_info=\u00bb{}\u00bb]<\/p>\n<p style=\"text-align: center;\">MTI<br \/>Next Level<br \/>One Call<br \/>Optum<br \/>Orchid<br \/>Paradigm<br \/>PMA<br \/>Preferred Medicial<br \/>PRN<br \/>Sedgwick<br \/>SMS National<br \/>Summit<br \/>Tens Management<br \/>Travelers<br \/>Tyson Foods<br \/>USIS<br \/>Worker&#8217;s Health<br \/>Wright Medical<br \/>Zenith<br \/>Zurich<\/p>\n<p>[\/et_pb_text][\/et_pb_column][\/et_pb_row][\/et_pb_section][et_pb_section fb_built=\u00bb1&#8243; custom_padding_last_edited=\u00bbon|tablet\u00bb disabled_on=\u00bbon|on|on\u00bb _builder_version=\u00bb4.27.4&#8243; _module_preset=\u00bbdefault\u00bb custom_padding=\u00bb0px|20px|180px|20px|false|true\u00bb custom_padding_tablet=\u00bb0px|20px|100px|20px|false|true\u00bb custom_padding_phone=\u00bb0px|20px|100px|20px|false|true\u00bb disabled=\u00bbon\u00bb global_colors_info=\u00bb{}\u00bb][et_pb_row _builder_version=\u00bb4.27.4&#8243; _module_preset=\u00bbdefault\u00bb max_width=\u00bb635px\u00bb custom_padding=\u00bb70px||||false|false\u00bb global_colors_info=\u00bb{}\u00bb][et_pb_column type=\u00bb4_4&#8243; _builder_version=\u00bb4.27.4&#8243; _module_preset=\u00bbdefault\u00bb global_colors_info=\u00bb{}\u00bb][et_pb_heading title=\u00bbDescargar formularios\u00bb _builder_version=\u00bb4.27.4&#8243; _module_preset=\u00bbdefault\u00bb title_level=\u00bbh2&#8243; title_font=\u00bb|||on|||||\u00bb title_text_align=\u00bbcenter\u00bb global_colors_info=\u00bb{}\u00bb][\/et_pb_heading][\/et_pb_column][\/et_pb_row][et_pb_row column_structure=\u00bb1_2,1_2&#8243; _builder_version=\u00bb4.27.4&#8243; _module_preset=\u00bbdefault\u00bb max_width=\u00bb635px\u00bb max_width_tablet=\u00bb400px\u00bb max_width_phone=\u00bb400px\u00bb max_width_last_edited=\u00bbon|tablet\u00bb custom_padding=\u00bb0px||0px||false|false\u00bb global_colors_info=\u00bb{}\u00bb][et_pb_column type=\u00bb1_2&#8243; _builder_version=\u00bb4.27.4&#8243; _module_preset=\u00bbdefault\u00bb global_colors_info=\u00bb{}\u00bb][et_pb_text _builder_version=\u00bb4.27.4&#8243; _module_preset=\u00bbdefault\u00bb text_font=\u00bb&#8211;et_global_heading_font|600||on|||||\u00bb text_text_color=\u00bbgcid-9f64781f-3d3f-4222-9b1b-e20af3b445fd\u00bb text_font_size=\u00bb18px\u00bb background_color=\u00bbgcid-7681e733-d396-41c8-954d-ae3f2b0e913b\u00bb text_orientation=\u00bbcenter\u00bb custom_padding=\u00bb45px|45px|45px|45px|true|true\u00bb link_option_url=\u00bb#\u00bb global_colors_info=\u00bb{%22gcid-7681e733-d396-41c8-954d-ae3f2b0e913b%22:%91%22header_2_text_color%22,%22header_2_text_color%22,%22background_color%22%93,%22gcid-9f64781f-3d3f-4222-9b1b-e20af3b445fd%22:%91%22text_text_color%22%93}\u00bb]<\/p>\n<p>Formulario de compensaci\u00f3n para trabajadores<\/p>\n<p>[\/et_pb_text][\/et_pb_column][et_pb_column type=\u00bb1_2&#8243; _builder_version=\u00bb4.27.4&#8243; _module_preset=\u00bbdefault\u00bb global_colors_info=\u00bb{}\u00bb][et_pb_text _builder_version=\u00bb4.27.4&#8243; _module_preset=\u00bbdefault\u00bb text_font=\u00bb&#8211;et_global_heading_font|600||on|||||\u00bb text_text_color=\u00bbgcid-9f64781f-3d3f-4222-9b1b-e20af3b445fd\u00bb text_font_size=\u00bb18px\u00bb background_color=\u00bbgcid-7681e733-d396-41c8-954d-ae3f2b0e913b\u00bb text_orientation=\u00bbcenter\u00bb custom_padding=\u00bb45px|45px|45px|45px|true|true\u00bb link_option_url=\u00bb#\u00bb global_colors_info=\u00bb{%22gcid-7681e733-d396-41c8-954d-ae3f2b0e913b%22:%91%22header_2_text_color%22,%22header_2_text_color%22,%22background_color%22%93,%22gcid-9f64781f-3d3f-4222-9b1b-e20af3b445fd%22:%91%22text_text_color%22%93}\u00bb]<\/p>\n<p>Formulario de compensaci\u00f3n para trabajadores<\/p>\n<p>[\/et_pb_text][\/et_pb_column][\/et_pb_row][\/et_pb_section][et_pb_section fb_built=\u00bb1&#8243; _builder_version=\u00bb4.27.4&#8243; _module_preset=\u00bbdefault\u00bb background_image=\u00bbhttps:\/\/www.teampostop.net\/wp-content\/uploads\/2025\/10\/Fully-licensed.jpg\u00bb background_enable_image=\u00bbon\u00bb global_module=\u00bb10104&#8243; global_colors_info=\u00bb{}\u00bb][et_pb_row column_structure=\u00bb3_4,1_4&#8243; module_class=\u00bbteam-fully-licensed\u00bb _builder_version=\u00bb4.27.4&#8243; _module_preset=\u00bbdefault\u00bb max_width=\u00bb1042px\u00bb custom_padding=\u00bb0px||0px||false|false\u00bb global_colors_info=\u00bb{}\u00bb][et_pb_column type=\u00bb3_4&#8243; _builder_version=\u00bb4.27.4&#8243; _module_preset=\u00bbdefault\u00bb global_colors_info=\u00bb{}\u00bb][et_pb_text module_class=\u00bbfully-licensed\u00bb _builder_version=\u00bb4.27.4&#8243; _module_preset=\u00bbdefault\u00bb text_font=\u00bb&#8211;et_global_heading_font|700||on|||||\u00bb text_text_color=\u00bbgcid-9f64781f-3d3f-4222-9b1b-e20af3b445fd\u00bb text_font_size=\u00bb40px\u00bb text_line_height=\u00bb46px\u00bb text_orientation=\u00bbcenter\u00bb text_font_size_tablet=\u00bb32px\u00bb text_font_size_phone=\u00bb32px\u00bb text_font_size_last_edited=\u00bbon|desktop\u00bb text_line_height_tablet=\u00bb32px\u00bb text_line_height_phone=\u00bb32px\u00bb text_line_height_last_edited=\u00bbon|tablet\u00bb global_colors_info=\u00bb{%22gcid-7681e733-d396-41c8-954d-ae3f2b0e913b%22:%91%22header_2_text_color%22,%22header_2_text_color%22,%22header_2_text_color%22%93,%22gcid-secondary-color%22:%91%22text_text_shadow_color%22%93,%22gcid-9f64781f-3d3f-4222-9b1b-e20af3b445fd%22:%91%22text_text_color%22%93}\u00bb]<\/p>\n<p>Proveedor de Equipos M\u00e9dicos para el Hogar Totalmente Autorizado y Acreditado<br \/>Desde 2007<\/p>\n<p>[\/et_pb_text][\/et_pb_column][et_pb_column type=\u00bb1_4&#8243; _builder_version=\u00bb4.27.4&#8243; _module_preset=\u00bbdefault\u00bb global_colors_info=\u00bb{}\u00bb][et_pb_image src=\u00bbhttps:\/\/www.teampostop.net\/wp-content\/uploads\/2025\/10\/body.png\u00bb alt=\u00bbcuerpo\u00bb title_text=\u00bbcuerpo\u00bb align=\u00bbcenter\u00bb _builder_version=\u00bb4.27.4&#8243; _module_preset=\u00bbdefault\u00bb global_colors_info=\u00bb{}\u00bb][\/et_pb_image][\/et_pb_column][\/et_pb_row][\/et_pb_section]<\/p>\n","protected":false},"excerpt":{"rendered":"<p>Tenga en cuenta que las aseguradoras mencionadas no representan la gama completa de compa\u00f1\u00edas con las que trabajamos. Tambi\u00e9n aceptamos nuevas aseguradoras y administradores de terceros (TPAs). AIGAllied ClaimsAmerisureAmerisysAmtrustApricusAscendantBenchmark AdministratorsBerkshire HathawayBrentwoodBroadspireCareworksCarlisle MedicalCBCSCCMSICHUBBClarity DXClear PriceCNACOMPTRUSTConservcareCorvelCoventryCreative Comp SolutionsDept of LaborDME PlusDOASESISFCCIFFVAFL LeaguesFlorida School Board Insurance TrustGallagher BassettHartfordHealthbridgeHomelinkICWJohn EasternLevius MedicalLiberty MutualM JosephMeidcal Service QuotesMTINext LevelOne CallOptumOrchidParadigmPMAPreferred MedicialPRNSedgwickSMS NationalSummitTens [&hellip;]<\/p>\n","protected":false},"author":7,"featured_media":0,"parent":0,"menu_order":0,"comment_status":"closed","ping_status":"closed","template":"","meta":{"_acf_changed":false,"_et_pb_use_builder":"on","_et_pb_old_content":"","_et_gb_content_width":"","footnotes":""},"class_list":["post-10462","page","type-page","status-publish","hentry"],"acf":[],"yoast_head":"<!-- This site is optimized with the Yoast SEO Premium plugin v26.6 (Yoast SEO v27.4) - https:\/\/yoast.com\/product\/yoast-seo-premium-wordpress\/ -->\n<title>Compensaci\u00f3n al Trabajador | TPO<\/title>\n<meta name=\"robots\" content=\"index, follow, max-snippet:-1, max-image-preview:large, max-video-preview:-1\" \/>\n<link rel=\"canonical\" href=\"https:\/\/www.teampostop.net\/es\/compensacion-para-trabajadores\/\" \/>\n<meta property=\"og:locale\" content=\"es_ES\" \/>\n<meta property=\"og:type\" content=\"article\" \/>\n<meta property=\"og:title\" content=\"Compensaci\u00f3n al Trabajador\" \/>\n<meta property=\"og:description\" content=\"Tenga en cuenta que las aseguradoras mencionadas no representan la gama completa de compa\u00f1\u00edas con las que trabajamos. Tambi\u00e9n aceptamos nuevas aseguradoras y administradores de terceros (TPAs). AIGAllied ClaimsAmerisureAmerisysAmtrustApricusAscendantBenchmark AdministratorsBerkshire HathawayBrentwoodBroadspireCareworksCarlisle MedicalCBCSCCMSICHUBBClarity DXClear PriceCNACOMPTRUSTConservcareCorvelCoventryCreative Comp SolutionsDept of LaborDME PlusDOASESISFCCIFFVAFL LeaguesFlorida School Board Insurance TrustGallagher BassettHartfordHealthbridgeHomelinkICWJohn EasternLevius MedicalLiberty MutualM JosephMeidcal Service QuotesMTINext LevelOne CallOptumOrchidParadigmPMAPreferred MedicialPRNSedgwickSMS NationalSummitTens [&hellip;]\" \/>\n<meta property=\"og:url\" content=\"https:\/\/www.teampostop.net\/es\/compensacion-para-trabajadores\/\" \/>\n<meta property=\"og:site_name\" content=\"TPO\" \/>\n<meta property=\"article:publisher\" content=\"https:\/\/www.facebook.com\/TeamPostOp\/\" \/>\n<meta property=\"article:modified_time\" content=\"2025-12-12T15:29:21+00:00\" \/>\n<meta property=\"og:image\" content=\"https:\/\/www.teampostop.net\/wp-content\/uploads\/2025\/11\/Yoast-Social-Media-Team-Post-Op.jpg\" \/>\n\t<meta property=\"og:image:width\" content=\"960\" \/>\n\t<meta property=\"og:image:height\" content=\"500\" \/>\n\t<meta property=\"og:image:type\" content=\"image\/jpeg\" \/>\n<meta name=\"twitter:card\" content=\"summary_large_image\" \/>\n<meta name=\"twitter:label1\" content=\"Tiempo de lectura\" \/>\n\t<meta name=\"twitter:data1\" content=\"5 minutos\" \/>\n<script type=\"application\/ld+json\" class=\"yoast-schema-graph\">{\"@context\":\"https:\\\/\\\/schema.org\",\"@graph\":[{\"@type\":\"WebPage\",\"@id\":\"https:\\\/\\\/www.teampostop.net\\\/es\\\/compensacion-para-trabajadores\\\/\",\"url\":\"https:\\\/\\\/www.teampostop.net\\\/es\\\/compensacion-para-trabajadores\\\/\",\"name\":\"Compensaci\u00f3n al Trabajador | TPO\",\"isPartOf\":{\"@id\":\"https:\\\/\\\/www.teampostop.net\\\/es\\\/#website\"},\"datePublished\":\"2025-11-01T07:12:51+00:00\",\"dateModified\":\"2025-12-12T15:29:21+00:00\",\"breadcrumb\":{\"@id\":\"https:\\\/\\\/www.teampostop.net\\\/es\\\/compensacion-para-trabajadores\\\/#breadcrumb\"},\"inLanguage\":\"es\",\"potentialAction\":[{\"@type\":\"ReadAction\",\"target\":[\"https:\\\/\\\/www.teampostop.net\\\/es\\\/compensacion-para-trabajadores\\\/\"]}]},{\"@type\":\"BreadcrumbList\",\"@id\":\"https:\\\/\\\/www.teampostop.net\\\/es\\\/compensacion-para-trabajadores\\\/#breadcrumb\",\"itemListElement\":[{\"@type\":\"ListItem\",\"position\":1,\"name\":\"Home\",\"item\":\"https:\\\/\\\/www.teampostop.net\\\/es\\\/casa\\\/\"},{\"@type\":\"ListItem\",\"position\":2,\"name\":\"Compensaci\u00f3n al Trabajador\"}]},{\"@type\":\"WebSite\",\"@id\":\"https:\\\/\\\/www.teampostop.net\\\/es\\\/#website\",\"url\":\"https:\\\/\\\/www.teampostop.net\\\/es\\\/\",\"name\":\"TPO\",\"description\":\"Medical Supplies Distributors Miami Broward Fort Lauderdale The Keys FL\",\"publisher\":{\"@id\":\"https:\\\/\\\/www.teampostop.net\\\/es\\\/#organization\"},\"potentialAction\":[{\"@type\":\"SearchAction\",\"target\":{\"@type\":\"EntryPoint\",\"urlTemplate\":\"https:\\\/\\\/www.teampostop.net\\\/es\\\/?s={search_term_string}\"},\"query-input\":{\"@type\":\"PropertyValueSpecification\",\"valueRequired\":true,\"valueName\":\"search_term_string\"}}],\"inLanguage\":\"es\"},{\"@type\":\"Organization\",\"@id\":\"https:\\\/\\\/www.teampostop.net\\\/es\\\/#organization\",\"name\":\"Team PostOp\",\"url\":\"https:\\\/\\\/www.teampostop.net\\\/es\\\/\",\"logo\":{\"@type\":\"ImageObject\",\"inLanguage\":\"es\",\"@id\":\"https:\\\/\\\/www.teampostop.net\\\/es\\\/#\\\/schema\\\/logo\\\/image\\\/\",\"url\":\"https:\\\/\\\/www.teampostop.net\\\/wp-content\\\/uploads\\\/2021\\\/09\\\/teampostop-logo.png\",\"contentUrl\":\"https:\\\/\\\/www.teampostop.net\\\/wp-content\\\/uploads\\\/2021\\\/09\\\/teampostop-logo.png\",\"width\":213,\"height\":130,\"caption\":\"Team PostOp\"},\"image\":{\"@id\":\"https:\\\/\\\/www.teampostop.net\\\/es\\\/#\\\/schema\\\/logo\\\/image\\\/\"},\"sameAs\":[\"https:\\\/\\\/www.facebook.com\\\/TeamPostOp\\\/\",\"https:\\\/\\\/www.linkedin.com\\\/company\\\/team-post-op-inc-\\\/\"]}]}<\/script>\n<!-- \/ Yoast SEO Premium plugin. -->","yoast_head_json":{"title":"Compensaci\u00f3n al Trabajador | TPO","robots":{"index":"index","follow":"follow","max-snippet":"max-snippet:-1","max-image-preview":"max-image-preview:large","max-video-preview":"max-video-preview:-1"},"canonical":"https:\/\/www.teampostop.net\/es\/compensacion-para-trabajadores\/","og_locale":"es_ES","og_type":"article","og_title":"Compensaci\u00f3n al Trabajador","og_description":"Tenga en cuenta que las aseguradoras mencionadas no representan la gama completa de compa\u00f1\u00edas con las que trabajamos. Tambi\u00e9n aceptamos nuevas aseguradoras y administradores de terceros (TPAs). AIGAllied ClaimsAmerisureAmerisysAmtrustApricusAscendantBenchmark AdministratorsBerkshire HathawayBrentwoodBroadspireCareworksCarlisle MedicalCBCSCCMSICHUBBClarity DXClear PriceCNACOMPTRUSTConservcareCorvelCoventryCreative Comp SolutionsDept of LaborDME PlusDOASESISFCCIFFVAFL LeaguesFlorida School Board Insurance TrustGallagher BassettHartfordHealthbridgeHomelinkICWJohn EasternLevius MedicalLiberty MutualM JosephMeidcal Service QuotesMTINext LevelOne CallOptumOrchidParadigmPMAPreferred MedicialPRNSedgwickSMS NationalSummitTens [&hellip;]","og_url":"https:\/\/www.teampostop.net\/es\/compensacion-para-trabajadores\/","og_site_name":"TPO","article_publisher":"https:\/\/www.facebook.com\/TeamPostOp\/","article_modified_time":"2025-12-12T15:29:21+00:00","og_image":[{"width":960,"height":500,"url":"https:\/\/www.teampostop.net\/wp-content\/uploads\/2025\/11\/Yoast-Social-Media-Team-Post-Op.jpg","type":"image\/jpeg"}],"twitter_card":"summary_large_image","twitter_misc":{"Tiempo de lectura":"5 minutos"},"schema":{"@context":"https:\/\/schema.org","@graph":[{"@type":"WebPage","@id":"https:\/\/www.teampostop.net\/es\/compensacion-para-trabajadores\/","url":"https:\/\/www.teampostop.net\/es\/compensacion-para-trabajadores\/","name":"Compensaci\u00f3n al Trabajador | TPO","isPartOf":{"@id":"https:\/\/www.teampostop.net\/es\/#website"},"datePublished":"2025-11-01T07:12:51+00:00","dateModified":"2025-12-12T15:29:21+00:00","breadcrumb":{"@id":"https:\/\/www.teampostop.net\/es\/compensacion-para-trabajadores\/#breadcrumb"},"inLanguage":"es","potentialAction":[{"@type":"ReadAction","target":["https:\/\/www.teampostop.net\/es\/compensacion-para-trabajadores\/"]}]},{"@type":"BreadcrumbList","@id":"https:\/\/www.teampostop.net\/es\/compensacion-para-trabajadores\/#breadcrumb","itemListElement":[{"@type":"ListItem","position":1,"name":"Home","item":"https:\/\/www.teampostop.net\/es\/casa\/"},{"@type":"ListItem","position":2,"name":"Compensaci\u00f3n al Trabajador"}]},{"@type":"WebSite","@id":"https:\/\/www.teampostop.net\/es\/#website","url":"https:\/\/www.teampostop.net\/es\/","name":"TPO","description":"Medical Supplies Distributors Miami Broward Fort Lauderdale The Keys FL","publisher":{"@id":"https:\/\/www.teampostop.net\/es\/#organization"},"potentialAction":[{"@type":"SearchAction","target":{"@type":"EntryPoint","urlTemplate":"https:\/\/www.teampostop.net\/es\/?s={search_term_string}"},"query-input":{"@type":"PropertyValueSpecification","valueRequired":true,"valueName":"search_term_string"}}],"inLanguage":"es"},{"@type":"Organization","@id":"https:\/\/www.teampostop.net\/es\/#organization","name":"Team PostOp","url":"https:\/\/www.teampostop.net\/es\/","logo":{"@type":"ImageObject","inLanguage":"es","@id":"https:\/\/www.teampostop.net\/es\/#\/schema\/logo\/image\/","url":"https:\/\/www.teampostop.net\/wp-content\/uploads\/2021\/09\/teampostop-logo.png","contentUrl":"https:\/\/www.teampostop.net\/wp-content\/uploads\/2021\/09\/teampostop-logo.png","width":213,"height":130,"caption":"Team PostOp"},"image":{"@id":"https:\/\/www.teampostop.net\/es\/#\/schema\/logo\/image\/"},"sameAs":["https:\/\/www.facebook.com\/TeamPostOp\/","https:\/\/www.linkedin.com\/company\/team-post-op-inc-\/"]}]}},"_links":{"self":[{"href":"https:\/\/www.teampostop.net\/es\/wp-json\/wp\/v2\/pages\/10462","targetHints":{"allow":["GET"]}}],"collection":[{"href":"https:\/\/www.teampostop.net\/es\/wp-json\/wp\/v2\/pages"}],"about":[{"href":"https:\/\/www.teampostop.net\/es\/wp-json\/wp\/v2\/types\/page"}],"author":[{"embeddable":true,"href":"https:\/\/www.teampostop.net\/es\/wp-json\/wp\/v2\/users\/7"}],"replies":[{"embeddable":true,"href":"https:\/\/www.teampostop.net\/es\/wp-json\/wp\/v2\/comments?post=10462"}],"version-history":[{"count":20,"href":"https:\/\/www.teampostop.net\/es\/wp-json\/wp\/v2\/pages\/10462\/revisions"}],"predecessor-version":[{"id":11190,"href":"https:\/\/www.teampostop.net\/es\/wp-json\/wp\/v2\/pages\/10462\/revisions\/11190"}],"wp:attachment":[{"href":"https:\/\/www.teampostop.net\/es\/wp-json\/wp\/v2\/media?parent=10462"}],"curies":[{"name":"wp","href":"https:\/\/api.w.org\/{rel}","templated":true}]}}